{"id":13560,"date":"2022-03-18T14:54:54","date_gmt":"2022-03-18T14:54:54","guid":{"rendered":"https:\/\/kozosenjobb.hu\/?page_id=13560"},"modified":"2022-03-18T14:54:54","modified_gmt":"2022-03-18T14:54:54","slug":"bekessamson-kozseg-onkormanyzata","status":"publish","type":"page","link":"https:\/\/kozosenjobb.hu\/?page_id=13560","title":{"rendered":"B\u00e9k\u00e9ss\u00e1mson K\u00f6zs\u00e9g \u00d6nkorm\u00e1nyzata"},"content":{"rendered":"<div class=\"fusion-fullwidth fullwidth-box fusion-builder-row-1 fusion-flex-container nonhundred-percent-fullwidth non-hundred-percent-height-scrolling\" style=\"--awb-border-radius-top-left:0px;--awb-border-radius-top-right:0px;--awb-border-radius-bottom-right:0px;--awb-border-radius-bottom-left:0px;--awb-flex-wrap:wrap;\" ><div class=\"fusion-builder-row fusion-row fusion-flex-align-items-flex-start fusion-flex-content-wrap\" style=\"max-width:1216.8px;margin-left: calc(-4% \/ 2 );margin-right: calc(-4% \/ 2 );\"><div class=\"fusion-layout-column fusion_builder_column fusion-builder-column-0 fusion_builder_column_1_4 1_4 fusion-flex-column\" style=\"--awb-bg-size:cover;--awb-width-large:25%;--awb-margin-top-large:20px;--awb-spacing-right-large:7.68%;--awb-margin-bottom-large:20px;--awb-spacing-left-large:7.68%;--awb-width-medium:25%;--awb-order-medium:0;--awb-spacing-right-medium:7.68%;--awb-spacing-left-medium:7.68%;--awb-width-small:25%;--awb-order-small:0;--awb-spacing-right-small:7.68%;--awb-spacing-left-small:7.68%;\"><div class=\"fusion-column-wrapper fusion-column-has-shadow fusion-flex-justify-content-flex-start fusion-content-layout-column\"><div class=\"fusion-image-element \" style=\"--awb-max-width:200px;--awb-caption-title-font-family:var(--h2_typography-font-family);--awb-caption-title-font-weight:var(--h2_typography-font-weight);--awb-caption-title-font-style:var(--h2_typography-font-style);--awb-caption-title-size:var(--h2_typography-font-size);--awb-caption-title-transform:var(--h2_typography-text-transform);--awb-caption-title-line-height:var(--h2_typography-line-height);--awb-caption-title-letter-spacing:var(--h2_typography-letter-spacing);\"><span class=\" fusion-imageframe imageframe-none imageframe-1 hover-type-none\"><img decoding=\"async\" width=\"640\" height=\"832\" title=\"B\u00e9k\u00e9ss\u00e1mson c\u00edmer\" src=\"https:\/\/kozosenjobb.hu\/wp-content\/uploads\/2022\/02\/Bekessamson-cimer.png\" data-orig-src=\"http:\/\/kozosenjobb.hu\/wp-content\/uploads\/2022\/02\/Bekessamson-cimer.png\" alt class=\"lazyload img-responsive wp-image-13326\" srcset=\"data:image\/svg+xml,%3Csvg%20xmlns%3D%27http%3A%2F%2Fwww.w3.org%2F2000%2Fsvg%27%20width%3D%27640%27%20height%3D%27832%27%20viewBox%3D%270%200%20640%20832%27%3E%3Crect%20width%3D%27640%27%20height%3D%27832%27%20fill-opacity%3D%220%22%2F%3E%3C%2Fsvg%3E\" data-srcset=\"https:\/\/kozosenjobb.hu\/wp-content\/uploads\/2022\/02\/Bekessamson-cimer-200x260.png 200w, https:\/\/kozosenjobb.hu\/wp-content\/uploads\/2022\/02\/Bekessamson-cimer-400x520.png 400w, https:\/\/kozosenjobb.hu\/wp-content\/uploads\/2022\/02\/Bekessamson-cimer-600x780.png 600w, https:\/\/kozosenjobb.hu\/wp-content\/uploads\/2022\/02\/Bekessamson-cimer.png 640w\" data-sizes=\"auto\" data-orig-sizes=\"(max-width: 1050px) 100vw, (max-width: 640px) 100vw, 400px\" \/><\/span><\/div><\/div><\/div><div class=\"fusion-layout-column fusion_builder_column fusion-builder-column-1 fusion_builder_column_1_2 1_2 fusion-flex-column\" style=\"--awb-bg-size:cover;--awb-width-large:50%;--awb-margin-top-large:20px;--awb-spacing-right-large:3.84%;--awb-margin-bottom-large:20px;--awb-spacing-left-large:3.84%;--awb-width-medium:75%;--awb-order-medium:1;--awb-spacing-right-medium:2.56%;--awb-spacing-left-medium:2.56%;--awb-width-small:75%;--awb-order-small:0;--awb-spacing-right-small:2.56%;--awb-spacing-left-small:2.56%;\"><div class=\"fusion-column-wrapper fusion-column-has-shadow fusion-flex-justify-content-flex-start fusion-content-layout-column\"><div class=\"fusion-title title fusion-title-1 fusion-title-text fusion-title-size-two\"><div class=\"title-sep-container title-sep-container-left fusion-no-large-visibility fusion-no-medium-visibility fusion-no-small-visibility\"><div class=\"title-sep sep- sep-solid\" style=\"border-color:var(--awb-color3);\"><\/div><\/div><span class=\"awb-title-spacer fusion-no-large-visibility fusion-no-medium-visibility fusion-no-small-visibility\"><\/span><h2 class=\"fusion-title-heading title-heading-left fusion-responsive-typography-calculated\" style=\"margin:0;--fontSize:62;line-height:var(--awb-typography1-line-height);\">B\u00e9k\u00e9ss\u00e1mson K\u00f6zs\u00e9g \u00d6nkorm\u00e1nyzata<\/h2><span class=\"awb-title-spacer\"><\/span><div class=\"title-sep-container title-sep-container-right\"><div class=\"title-sep sep- sep-solid\" style=\"border-color:var(--awb-color3);\"><\/div><\/div><\/div><\/div><\/div><div class=\"fusion-layout-column fusion_builder_column fusion-builder-column-2 fusion_builder_column_1_4 1_4 fusion-flex-column fusion-no-small-visibility fusion-no-medium-visibility\" style=\"--awb-bg-size:cover;--awb-width-large:25%;--awb-margin-top-large:20px;--awb-spacing-right-large:7.68%;--awb-margin-bottom-large:20px;--awb-spacing-left-large:7.68%;--awb-width-medium:100%;--awb-order-medium:0;--awb-spacing-right-medium:1.92%;--awb-spacing-left-medium:1.92%;--awb-width-small:100%;--awb-order-small:0;--awb-spacing-right-small:1.92%;--awb-spacing-left-small:1.92%;\"><div class=\"fusion-column-wrapper fusion-column-has-shadow fusion-flex-justify-content-flex-start fusion-content-layout-column\"><\/div><\/div><div class=\"fusion-layout-column fusion_builder_column fusion-builder-column-3 fusion_builder_column_1_4 1_4 fusion-flex-column fusion-no-small-visibility fusion-no-medium-visibility\" style=\"--awb-bg-size:cover;--awb-width-large:25%;--awb-margin-top-large:20px;--awb-spacing-right-large:7.68%;--awb-margin-bottom-large:20px;--awb-spacing-left-large:7.68%;--awb-width-medium:100%;--awb-order-medium:0;--awb-spacing-right-medium:1.92%;--awb-spacing-left-medium:1.92%;--awb-width-small:100%;--awb-order-small:0;--awb-spacing-right-small:1.92%;--awb-spacing-left-small:1.92%;\"><div class=\"fusion-column-wrapper fusion-column-has-shadow fusion-flex-justify-content-flex-start fusion-content-layout-column\"><\/div><\/div><div class=\"fusion-layout-column fusion_builder_column fusion-builder-column-4 fusion_builder_column_1_2 1_2 fusion-flex-column\" style=\"--awb-bg-blend:overlay;--awb-bg-size:cover;--awb-width-large:50%;--awb-margin-top-large:0px;--awb-spacing-right-large:3.84%;--awb-margin-bottom-large:0px;--awb-spacing-left-large:3.84%;--awb-width-medium:66.666666666667%;--awb-order-medium:3;--awb-spacing-right-medium:2.88%;--awb-spacing-left-medium:2.88%;--awb-width-small:100%;--awb-spacing-right-small:1.92%;--awb-spacing-left-small:1.92%;\"><div class=\"fusion-column-wrapper fusion-flex-justify-content-flex-start fusion-content-layout-column\"><div class=\"fusion-text fusion-text-1\" style=\"--awb-text-transform:none;\"><p style=\"text-align: justify;\">B\u00e9k\u00e9ss\u00e1mson, mint d\u00e9l-b\u00e9k\u00e9si kistelep\u00fcl\u00e9s jelent\u0151s er\u0151forr\u00e1sokat mozg\u00f3s\u00edt annak \u00e9rdek\u00e9ben, hogy \u00e9p\u00edtse a helyi k\u00f6z\u00f6ss\u00e9get, illetve tov\u00e1bbra is meg\u0151rizze a kapcsolatot a telep\u00fcl\u00e9sr\u0151l elsz\u00e1rmazottakkal. A vil\u00e1gj\u00e1rv\u00e1ny term\u00e9szetesen B\u00e9k\u00e9ss\u00e1mson k\u00f6z\u00f6ss\u00e9gi \u00e9let\u00e9re is r\u00e1nyomta a b\u00e9lyeg\u00e9t, mindenki nagyon v\u00e1rja m\u00e1r, hogy a k\u00f6z\u00f6ss\u00e9gi \u00e9letet korl\u00e1toz\u00f3 rendelkez\u00e9sek, egy\u00e1ltal\u00e1n a vesz\u00e9lyhelyzet v\u00e9get \u00e9rjen \u00e9s a programok visszat\u00e9rhessenek a megszokott ker\u00e9kv\u00e1g\u00e1sba.<\/p>\n<p style=\"text-align: justify;\"><img decoding=\"async\" class=\"lazyload  wp-image-13563 alignright\" src=\"http:\/\/kozosenjobb.hu\/wp-content\/uploads\/2022\/03\/bekessamson-1.jpg\" data-orig-src=\"http:\/\/kozosenjobb.hu\/wp-content\/uploads\/2022\/03\/bekessamson-1.jpg\" alt=\"\" width=\"349\" height=\"241\" srcset=\"data:image\/svg+xml,%3Csvg%20xmlns%3D%27http%3A%2F%2Fwww.w3.org%2F2000%2Fsvg%27%20width%3D%27349%27%20height%3D%27241%27%20viewBox%3D%270%200%20349%20241%27%3E%3Crect%20width%3D%27349%27%20height%3D%27241%27%20fill-opacity%3D%220%22%2F%3E%3C%2Fsvg%3E\" data-srcset=\"https:\/\/kozosenjobb.hu\/wp-content\/uploads\/2022\/03\/bekessamson-1-200x138.jpg 200w, https:\/\/kozosenjobb.hu\/wp-content\/uploads\/2022\/03\/bekessamson-1-300x207.jpg 300w, https:\/\/kozosenjobb.hu\/wp-content\/uploads\/2022\/03\/bekessamson-1-400x276.jpg 400w, https:\/\/kozosenjobb.hu\/wp-content\/uploads\/2022\/03\/bekessamson-1-600x413.jpg 600w, https:\/\/kozosenjobb.hu\/wp-content\/uploads\/2022\/03\/bekessamson-1-768x529.jpg 768w, https:\/\/kozosenjobb.hu\/wp-content\/uploads\/2022\/03\/bekessamson-1.jpg 784w\" data-sizes=\"auto\" data-orig-sizes=\"(max-width: 349px) 100vw, 349px\" \/>Hiszen a b\u00e9k\u00e9ss\u00e1msoni m\u00e1jus 1-jei F\u00e1kly\u00e1s felvonul\u00e1soknak \u00e9s az azt k\u00f6vet\u0151 utcab\u00e1laknak a k\u00f6rny\u00e9ken is mindig j\u00f3 h\u00edre volt. Itt a helyiek mellett a k\u00f6rny\u00e9kr\u0151l \u00e9rkez\u0151ket is koncertek \u00e9s finom \u00e9telek v\u00e1rt\u00e1k. A B\u00e9k\u00e9ss\u00e1msoni Falunapok is jelent\u0151s m\u00faltra tekintenek vissza, ezekre a programokra hagyom\u00e1nyosan mindig augusztus elej\u00e9n ker\u00fclt sor. A jellemz\u0151en h\u00e1romnapos rendezv\u00e9nyeken k\u00fcl\u00f6nb\u00f6z\u0151 m\u0171faj\u00fa kultur\u00e1lis programokkal m\u00falatta az id\u0151t a k\u00f6z\u00f6ns\u00e9g, de k\u00eds\u00e9r\u0151programk\u00e9nt a fogathajt\u00f3 verseny is \u00e1lland\u00f3 sz\u00ednfoltja volt az esem\u00e9nynek. Mondhatni, ez volt a telep\u00fcl\u00e9s k\u00f6z\u00f6ss\u00e9gi \u00e9let\u00e9ben az egyik legjelent\u0151sebb rendezv\u00e9ny, ahol a r\u00e9gi ismer\u0151s\u00f6k, helyi a lakoss\u00e1g tagjai \u00f6sszej\u00f6ttek, kikapcsol\u00f3dhattak. A telep\u00fcl\u00e9sen nagy hagyom\u00e1nya volt m\u00e9g a B\u00e9k\u00e9ss\u00e1msoni KGST Veter\u00e1nj\u00e1rm\u0171 \u00e9s Motoros Tal\u00e1lkoz\u00f3nak, ahol l\u00e1tv\u00e1nyos motoros vet\u00e9lked\u0151k, versenyek sz\u00f3rakoztatt\u00e1k az \u00e9rdekl\u0151d\u0151ket.<\/p>\n<p style=\"text-align: justify;\">P\u00e9lda\u00e9rt\u00e9k\u0171 az \u00f6nk\u00e9ntess\u00e9g B\u00e9k\u00e9ss\u00e1msonon. 2014-ben alakult meg az \u00f6nk\u00e9ntes t\u0171zolt\u00f3s\u00e1g \u00d6nk\u00e9ntes T\u0171zolt\u00f3 Egyes\u00fclet n\u00e9ven. A B\u00e9k\u00e9ss\u00e1msoni \u00c1ltal\u00e1nos Iskola di\u00e1kjai sz\u00edvesen k\u00f6vetik az id\u0151sebbek j\u00f3 p\u00e9ld\u00e1j\u00e1t, a tanul\u00f3k k\u00f6z\u00fcl m\u00e1r t\u00f6bben vettek r\u00e9szt di\u00e1k t\u0171zolt\u00f3 versenyeken, de az oktat\u00e1si int\u00e9zm\u00e9ny m\u00e1s k\u00f6z\u00f6ss\u00e9gi szerepv\u00e1llal\u00e1ssal is sz\u00edvesen seg\u00edti a k\u00f6z\u00f6ss\u00e9gform\u00e1l\u00e1st.<\/p>\n<p><img decoding=\"async\" class=\"lazyload  wp-image-13562 alignleft\" style=\"text-align: justify;\" src=\"http:\/\/kozosenjobb.hu\/wp-content\/uploads\/2022\/03\/bekessamson-2-1024x768.jpg\" data-orig-src=\"http:\/\/kozosenjobb.hu\/wp-content\/uploads\/2022\/03\/bekessamson-2-1024x768.jpg\" alt=\"\" width=\"300\" height=\"225\" srcset=\"data:image\/svg+xml,%3Csvg%20xmlns%3D%27http%3A%2F%2Fwww.w3.org%2F2000%2Fsvg%27%20width%3D%27300%27%20height%3D%27225%27%20viewBox%3D%270%200%20300%20225%27%3E%3Crect%20width%3D%27300%27%20height%3D%27225%27%20fill-opacity%3D%220%22%2F%3E%3C%2Fsvg%3E\" data-srcset=\"https:\/\/kozosenjobb.hu\/wp-content\/uploads\/2022\/03\/bekessamson-2-200x150.jpg 200w, https:\/\/kozosenjobb.hu\/wp-content\/uploads\/2022\/03\/bekessamson-2-300x225.jpg 300w, https:\/\/kozosenjobb.hu\/wp-content\/uploads\/2022\/03\/bekessamson-2-400x300.jpg 400w, https:\/\/kozosenjobb.hu\/wp-content\/uploads\/2022\/03\/bekessamson-2-600x450.jpg 600w, https:\/\/kozosenjobb.hu\/wp-content\/uploads\/2022\/03\/bekessamson-2-768x576.jpg 768w, https:\/\/kozosenjobb.hu\/wp-content\/uploads\/2022\/03\/bekessamson-2-800x600.jpg 800w, https:\/\/kozosenjobb.hu\/wp-content\/uploads\/2022\/03\/bekessamson-2-1024x768.jpg 1024w, https:\/\/kozosenjobb.hu\/wp-content\/uploads\/2022\/03\/bekessamson-2-1200x900.jpg 1200w, https:\/\/kozosenjobb.hu\/wp-content\/uploads\/2022\/03\/bekessamson-2-1536x1152.jpg 1536w, https:\/\/kozosenjobb.hu\/wp-content\/uploads\/2022\/03\/bekessamson-2-scaled.jpg 2560w\" data-sizes=\"auto\" data-orig-sizes=\"(max-width: 300px) 100vw, 300px\" \/><\/p>\n<p style=\"text-align: justify;\">A telep\u00fcl\u00e9sen az id\u0151sebb koroszt\u00e1ly tagjai is r\u00e9szt vesznek a k\u00f6z\u00f6ss\u00e9gi \u00e9letben, \u00f6sszefog\u00e1ssukkal j\u00f6tt l\u00e9tre a B\u00e9k\u00e9ss\u00e1mson K\u00f6zs\u00e9g \u0150szir\u00f3zsa Nyugd\u00edjas Egyes\u00fclete. A klub tagjai a pand\u00e9mia el\u0151tt rendszeresen szerveztek \u00f6sszej\u00f6veteleket, zen\u00e9s mulats\u00e1gokat \u00e9s k\u00f6z\u00f6s vacsor\u00e1t.<\/p>\n<p style=\"text-align: justify;\">B\u00e9k\u00e9ss\u00e1msonon a k\u00f6z\u00f6ss\u00e9gi programok sz\u00edntere az \u00f6nkorm\u00e1nyzat \u00e1ltal m\u0171k\u00f6dtetett M\u0171vel\u0151d\u00e9si H\u00e1z \u00e9s K\u00f6nyvt\u00e1r. A telep\u00fcl\u00e9sen m\u0171k\u00f6dik m\u00e9g a Szabads\u00e1g H\u00e1za, amely az \u00f6tvenes \u00e9vekben, a diktat\u00fara legs\u00f6t\u00e9tebb \u00e9veiben szervez\u0151d\u00f6tt Magyar Ellen\u00e1ll\u00e1si Mozgalom tagjainak \u00e9s tev\u00e9kenys\u00e9g\u00e9nek \u00e1ll\u00edt eml\u00e9ket. A b\u00e9k\u00e9ss\u00e1msoni ellen\u00e1ll\u00f3k a k\u00f6rnyez\u0151 megy\u00e9kben \u00e9s Budapesten terjesztett\u00e9k a maguk \u00e1ltal gy\u00e1rtott, rendszerellenes r\u00f6piratokat, amelyen harcra buzd\u00edtottak. A mintegy 20 f\u0151s csoportot t\u00f6bb \u00e9vnyi m\u0171k\u00f6d\u00e9s ut\u00e1n felsz\u00e1molt\u00e1k, a tagokat elfogt\u00e1k, \u00f6sszesen 186 \u00e9v b\u00f6rt\u00f6nb\u00fcntet\u00e9sre \u00edt\u00e9lt\u00e9k \u0151ket, kettej\u00fcket pedig hal\u00e1lb\u00fcntet\u00e9ssel s\u00fajtott\u00e1k, amit k\u00e9s\u0151bb \u00e9letfogytig tart\u00f3 b\u00f6rt\u00f6nre m\u00f3dos\u00edtottak.<\/p>\n<p style=\"text-align: justify;\">A telep\u00fcl\u00e9s term\u00e9szeti k\u00f6rnyezete, a k\u00f6zeli l\u00e1tnival\u00f3k a helyieket is kir\u00e1ndul\u00e1sokra cs\u00e1b\u00edtj\u00e1k, a k\u00f6rny\u00e9k t\u00far\u00e1z\u00f3i sz\u00e1m\u00e1ra pedig \u00e9rdekes kit\u00e9r\u0151t biztos\u00edt B\u00e9k\u00e9ss\u00e1mson.<\/p>\n<\/div><\/div><\/div><div class=\"fusion-layout-column fusion_builder_column fusion-builder-column-5 fusion_builder_column_1_4 1_4 fusion-flex-column fusion-no-small-visibility fusion-no-medium-visibility\" style=\"--awb-bg-size:cover;--awb-width-large:25%;--awb-margin-top-large:20px;--awb-spacing-right-large:7.68%;--awb-margin-bottom-large:20px;--awb-spacing-left-large:7.68%;--awb-width-medium:100%;--awb-order-medium:0;--awb-spacing-right-medium:1.92%;--awb-spacing-left-medium:1.92%;--awb-width-small:100%;--awb-order-small:0;--awb-spacing-right-small:1.92%;--awb-spacing-left-small:1.92%;\"><div class=\"fusion-column-wrapper fusion-column-has-shadow fusion-flex-justify-content-flex-start fusion-content-layout-column\"><\/div><\/div><div class=\"fusion-layout-column fusion_builder_column fusion-builder-column-6 fusion_builder_column_1_6 1_6 fusion-flex-column fusion-no-small-visibility fusion-no-large-visibility\" style=\"--awb-bg-size:cover;--awb-width-large:16.666666666667%;--awb-margin-top-large:20px;--awb-spacing-right-large:11.52%;--awb-margin-bottom-large:20px;--awb-spacing-left-large:11.52%;--awb-width-medium:16.666666666667%;--awb-order-medium:4;--awb-spacing-right-medium:11.52%;--awb-spacing-left-medium:11.52%;--awb-width-small:100%;--awb-order-small:0;--awb-spacing-right-small:1.92%;--awb-spacing-left-small:1.92%;\"><div class=\"fusion-column-wrapper fusion-column-has-shadow fusion-flex-justify-content-flex-start fusion-content-layout-column\"><\/div><\/div><div class=\"fusion-layout-column fusion_builder_column fusion-builder-column-7 fusion_builder_column_1_6 1_6 fusion-flex-column fusion-no-small-visibility fusion-no-large-visibility\" style=\"--awb-bg-size:cover;--awb-width-large:16.666666666667%;--awb-margin-top-large:20px;--awb-spacing-right-large:11.52%;--awb-margin-bottom-large:20px;--awb-spacing-left-large:11.52%;--awb-width-medium:16.666666666667%;--awb-order-medium:2;--awb-spacing-right-medium:11.52%;--awb-spacing-left-medium:11.52%;--awb-width-small:100%;--awb-order-small:0;--awb-spacing-right-small:1.92%;--awb-spacing-left-small:1.92%;\"><div class=\"fusion-column-wrapper fusion-column-has-shadow fusion-flex-justify-content-flex-start fusion-content-layout-column\"><\/div><\/div><\/div><\/div>\n","protected":false},"excerpt":{"rendered":"","protected":false},"author":4,"featured_media":0,"parent":0,"menu_order":0,"comment_status":"closed","ping_status":"closed","template":"","meta":{"content-type":"","footnotes":""},"class_list":["post-13560","page","type-page","status-publish","hentry"],"yoast_head":"<!-- This site is optimized with the Yoast SEO plugin v26.2 - https:\/\/yoast.com\/wordpress\/plugins\/seo\/ -->\n<title>B\u00e9k\u00e9ss\u00e1mson K\u00f6zs\u00e9g \u00d6nkorm\u00e1nyzata - K\u00d6Z\u00d6SENJOBB<\/title>\n<meta name=\"robots\" content=\"index, follow, max-snippet:-1, max-image-preview:large, max-video-preview:-1\" \/>\n<link rel=\"canonical\" href=\"https:\/\/kozosenjobb.hu\/?page_id=13560\" \/>\n<meta property=\"og:locale\" content=\"hu_HU\" \/>\n<meta property=\"og:type\" content=\"article\" \/>\n<meta property=\"og:title\" content=\"B\u00e9k\u00e9ss\u00e1mson K\u00f6zs\u00e9g \u00d6nkorm\u00e1nyzata - K\u00d6Z\u00d6SENJOBB\" \/>\n<meta property=\"og:url\" content=\"https:\/\/kozosenjobb.hu\/?page_id=13560\" \/>\n<meta property=\"og:site_name\" content=\"K\u00d6Z\u00d6SENJOBB\" \/>\n<meta property=\"og:image\" content=\"http:\/\/kozosenjobb.hu\/wp-content\/uploads\/2022\/03\/bekessamson-1.jpg\" \/>\n<meta name=\"twitter:card\" content=\"summary_large_image\" \/>\n<meta name=\"twitter:label1\" content=\"Becs\u00fclt olvas\u00e1si id\u0151\" \/>\n\t<meta name=\"twitter:data1\" content=\"7 perc\" \/>\n<script type=\"application\/ld+json\" class=\"yoast-schema-graph\">{\"@context\":\"https:\/\/schema.org\",\"@graph\":[{\"@type\":\"WebPage\",\"@id\":\"https:\/\/kozosenjobb.hu\/?page_id=13560\",\"url\":\"https:\/\/kozosenjobb.hu\/?page_id=13560\",\"name\":\"B\u00e9k\u00e9ss\u00e1mson K\u00f6zs\u00e9g \u00d6nkorm\u00e1nyzata - K\u00d6Z\u00d6SENJOBB\",\"isPartOf\":{\"@id\":\"https:\/\/kozosenjobb.hu\/#website\"},\"primaryImageOfPage\":{\"@id\":\"https:\/\/kozosenjobb.hu\/?page_id=13560#primaryimage\"},\"image\":{\"@id\":\"https:\/\/kozosenjobb.hu\/?page_id=13560#primaryimage\"},\"thumbnailUrl\":\"http:\/\/kozosenjobb.hu\/wp-content\/uploads\/2022\/03\/bekessamson-1.jpg\",\"datePublished\":\"2022-03-18T14:54:54+00:00\",\"breadcrumb\":{\"@id\":\"https:\/\/kozosenjobb.hu\/?page_id=13560#breadcrumb\"},\"inLanguage\":\"hu\",\"potentialAction\":[{\"@type\":\"ReadAction\",\"target\":[\"https:\/\/kozosenjobb.hu\/?page_id=13560\"]}]},{\"@type\":\"ImageObject\",\"inLanguage\":\"hu\",\"@id\":\"https:\/\/kozosenjobb.hu\/?page_id=13560#primaryimage\",\"url\":\"http:\/\/kozosenjobb.hu\/wp-content\/uploads\/2022\/03\/bekessamson-1.jpg\",\"contentUrl\":\"http:\/\/kozosenjobb.hu\/wp-content\/uploads\/2022\/03\/bekessamson-1.jpg\"},{\"@type\":\"BreadcrumbList\",\"@id\":\"https:\/\/kozosenjobb.hu\/?page_id=13560#breadcrumb\",\"itemListElement\":[{\"@type\":\"ListItem\",\"position\":1,\"name\":\"Kezd\u0151lap\",\"item\":\"https:\/\/kozosenjobb.hu\/\"},{\"@type\":\"ListItem\",\"position\":2,\"name\":\"B\u00e9k\u00e9ss\u00e1mson K\u00f6zs\u00e9g \u00d6nkorm\u00e1nyzata\"}]},{\"@type\":\"WebSite\",\"@id\":\"https:\/\/kozosenjobb.hu\/#website\",\"url\":\"https:\/\/kozosenjobb.hu\/\",\"name\":\"K\u00d6Z\u00d6SENJOBB\",\"description\":\"A j\u00f6v\u0151 k\u00f6z\u00f6ss\u00e9g\u00e9t \u00e9p\u00edtj\u00fck!\",\"potentialAction\":[{\"@type\":\"SearchAction\",\"target\":{\"@type\":\"EntryPoint\",\"urlTemplate\":\"https:\/\/kozosenjobb.hu\/?s={search_term_string}\"},\"query-input\":{\"@type\":\"PropertyValueSpecification\",\"valueRequired\":true,\"valueName\":\"search_term_string\"}}],\"inLanguage\":\"hu\"}]}<\/script>\n<!-- \/ Yoast SEO plugin. -->","yoast_head_json":{"title":"B\u00e9k\u00e9ss\u00e1mson K\u00f6zs\u00e9g \u00d6nkorm\u00e1nyzata - K\u00d6Z\u00d6SENJOBB","robots":{"index":"index","follow":"follow","max-snippet":"max-snippet:-1","max-image-preview":"max-image-preview:large","max-video-preview":"max-video-preview:-1"},"canonical":"https:\/\/kozosenjobb.hu\/?page_id=13560","og_locale":"hu_HU","og_type":"article","og_title":"B\u00e9k\u00e9ss\u00e1mson K\u00f6zs\u00e9g \u00d6nkorm\u00e1nyzata - K\u00d6Z\u00d6SENJOBB","og_url":"https:\/\/kozosenjobb.hu\/?page_id=13560","og_site_name":"K\u00d6Z\u00d6SENJOBB","og_image":[{"url":"http:\/\/kozosenjobb.hu\/wp-content\/uploads\/2022\/03\/bekessamson-1.jpg","type":"","width":"","height":""}],"twitter_card":"summary_large_image","twitter_misc":{"Becs\u00fclt olvas\u00e1si id\u0151":"7 perc"},"schema":{"@context":"https:\/\/schema.org","@graph":[{"@type":"WebPage","@id":"https:\/\/kozosenjobb.hu\/?page_id=13560","url":"https:\/\/kozosenjobb.hu\/?page_id=13560","name":"B\u00e9k\u00e9ss\u00e1mson K\u00f6zs\u00e9g \u00d6nkorm\u00e1nyzata - K\u00d6Z\u00d6SENJOBB","isPartOf":{"@id":"https:\/\/kozosenjobb.hu\/#website"},"primaryImageOfPage":{"@id":"https:\/\/kozosenjobb.hu\/?page_id=13560#primaryimage"},"image":{"@id":"https:\/\/kozosenjobb.hu\/?page_id=13560#primaryimage"},"thumbnailUrl":"http:\/\/kozosenjobb.hu\/wp-content\/uploads\/2022\/03\/bekessamson-1.jpg","datePublished":"2022-03-18T14:54:54+00:00","breadcrumb":{"@id":"https:\/\/kozosenjobb.hu\/?page_id=13560#breadcrumb"},"inLanguage":"hu","potentialAction":[{"@type":"ReadAction","target":["https:\/\/kozosenjobb.hu\/?page_id=13560"]}]},{"@type":"ImageObject","inLanguage":"hu","@id":"https:\/\/kozosenjobb.hu\/?page_id=13560#primaryimage","url":"http:\/\/kozosenjobb.hu\/wp-content\/uploads\/2022\/03\/bekessamson-1.jpg","contentUrl":"http:\/\/kozosenjobb.hu\/wp-content\/uploads\/2022\/03\/bekessamson-1.jpg"},{"@type":"BreadcrumbList","@id":"https:\/\/kozosenjobb.hu\/?page_id=13560#breadcrumb","itemListElement":[{"@type":"ListItem","position":1,"name":"Kezd\u0151lap","item":"https:\/\/kozosenjobb.hu\/"},{"@type":"ListItem","position":2,"name":"B\u00e9k\u00e9ss\u00e1mson K\u00f6zs\u00e9g \u00d6nkorm\u00e1nyzata"}]},{"@type":"WebSite","@id":"https:\/\/kozosenjobb.hu\/#website","url":"https:\/\/kozosenjobb.hu\/","name":"K\u00d6Z\u00d6SENJOBB","description":"A j\u00f6v\u0151 k\u00f6z\u00f6ss\u00e9g\u00e9t \u00e9p\u00edtj\u00fck!","potentialAction":[{"@type":"SearchAction","target":{"@type":"EntryPoint","urlTemplate":"https:\/\/kozosenjobb.hu\/?s={search_term_string}"},"query-input":{"@type":"PropertyValueSpecification","valueRequired":true,"valueName":"search_term_string"}}],"inLanguage":"hu"}]}},"_links":{"self":[{"href":"https:\/\/kozosenjobb.hu\/index.php?rest_route=\/wp\/v2\/pages\/13560","targetHints":{"allow":["GET"]}}],"collection":[{"href":"https:\/\/kozosenjobb.hu\/index.php?rest_route=\/wp\/v2\/pages"}],"about":[{"href":"https:\/\/kozosenjobb.hu\/index.php?rest_route=\/wp\/v2\/types\/page"}],"author":[{"embeddable":true,"href":"https:\/\/kozosenjobb.hu\/index.php?rest_route=\/wp\/v2\/users\/4"}],"replies":[{"embeddable":true,"href":"https:\/\/kozosenjobb.hu\/index.php?rest_route=%2Fwp%2Fv2%2Fcomments&post=13560"}],"version-history":[{"count":2,"href":"https:\/\/kozosenjobb.hu\/index.php?rest_route=\/wp\/v2\/pages\/13560\/revisions"}],"predecessor-version":[{"id":13564,"href":"https:\/\/kozosenjobb.hu\/index.php?rest_route=\/wp\/v2\/pages\/13560\/revisions\/13564"}],"wp:attachment":[{"href":"https:\/\/kozosenjobb.hu\/index.php?rest_route=%2Fwp%2Fv2%2Fmedia&parent=13560"}],"curies":[{"name":"wp","href":"https:\/\/api.w.org\/{rel}","templated":true}]}}