{"id":13565,"date":"2022-03-18T14:58:24","date_gmt":"2022-03-18T14:58:24","guid":{"rendered":"https:\/\/kozosenjobb.hu\/?page_id=13565"},"modified":"2022-03-18T14:58:24","modified_gmt":"2022-03-18T14:58:24","slug":"tdm","status":"publish","type":"page","link":"https:\/\/kozosenjobb.hu\/?page_id=13565","title":{"rendered":"TDM"},"content":{"rendered":"<div class=\"fusion-fullwidth fullwidth-box fusion-builder-row-1 fusion-flex-container nonhundred-percent-fullwidth non-hundred-percent-height-scrolling\" style=\"--awb-border-radius-top-left:0px;--awb-border-radius-top-right:0px;--awb-border-radius-bottom-right:0px;--awb-border-radius-bottom-left:0px;--awb-flex-wrap:wrap;\" ><div class=\"fusion-builder-row fusion-row fusion-flex-align-items-flex-start fusion-flex-content-wrap\" style=\"max-width:1216.8px;margin-left: calc(-4% \/ 2 );margin-right: calc(-4% \/ 2 );\"><div class=\"fusion-layout-column fusion_builder_column fusion-builder-column-0 fusion_builder_column_1_4 1_4 fusion-flex-column\" style=\"--awb-bg-size:cover;--awb-width-large:25%;--awb-margin-top-large:20px;--awb-spacing-right-large:7.68%;--awb-margin-bottom-large:20px;--awb-spacing-left-large:7.68%;--awb-width-medium:25%;--awb-order-medium:0;--awb-spacing-right-medium:7.68%;--awb-spacing-left-medium:7.68%;--awb-width-small:25%;--awb-order-small:0;--awb-spacing-right-small:7.68%;--awb-spacing-left-small:7.68%;\"><div class=\"fusion-column-wrapper fusion-column-has-shadow fusion-flex-justify-content-flex-start fusion-content-layout-column\"><div class=\"fusion-image-element \" style=\"--awb-max-width:200px;--awb-caption-title-font-family:var(--h2_typography-font-family);--awb-caption-title-font-weight:var(--h2_typography-font-weight);--awb-caption-title-font-style:var(--h2_typography-font-style);--awb-caption-title-size:var(--h2_typography-font-size);--awb-caption-title-transform:var(--h2_typography-text-transform);--awb-caption-title-line-height:var(--h2_typography-line-height);--awb-caption-title-letter-spacing:var(--h2_typography-letter-spacing);\"><span class=\" fusion-imageframe imageframe-none imageframe-1 hover-type-none\"><img decoding=\"async\" width=\"545\" height=\"724\" title=\"TDM logo\" src=\"https:\/\/kozosenjobb.hu\/wp-content\/uploads\/2022\/02\/TDM-logo.jpg\" data-orig-src=\"http:\/\/kozosenjobb.hu\/wp-content\/uploads\/2022\/02\/TDM-logo.jpg\" alt class=\"lazyload img-responsive wp-image-13323\" srcset=\"data:image\/svg+xml,%3Csvg%20xmlns%3D%27http%3A%2F%2Fwww.w3.org%2F2000%2Fsvg%27%20width%3D%27545%27%20height%3D%27724%27%20viewBox%3D%270%200%20545%20724%27%3E%3Crect%20width%3D%27545%27%20height%3D%27724%27%20fill-opacity%3D%220%22%2F%3E%3C%2Fsvg%3E\" data-srcset=\"https:\/\/kozosenjobb.hu\/wp-content\/uploads\/2022\/02\/TDM-logo-200x266.jpg 200w, https:\/\/kozosenjobb.hu\/wp-content\/uploads\/2022\/02\/TDM-logo-400x531.jpg 400w, https:\/\/kozosenjobb.hu\/wp-content\/uploads\/2022\/02\/TDM-logo.jpg 545w\" data-sizes=\"auto\" data-orig-sizes=\"(max-width: 1050px) 100vw, (max-width: 640px) 100vw, 400px\" \/><\/span><\/div><\/div><\/div><div class=\"fusion-layout-column fusion_builder_column fusion-builder-column-1 fusion_builder_column_1_2 1_2 fusion-flex-column\" style=\"--awb-bg-size:cover;--awb-width-large:50%;--awb-margin-top-large:20px;--awb-spacing-right-large:3.84%;--awb-margin-bottom-large:20px;--awb-spacing-left-large:3.84%;--awb-width-medium:75%;--awb-order-medium:1;--awb-spacing-right-medium:2.56%;--awb-spacing-left-medium:2.56%;--awb-width-small:75%;--awb-order-small:0;--awb-spacing-right-small:2.56%;--awb-spacing-left-small:2.56%;\"><div class=\"fusion-column-wrapper fusion-column-has-shadow fusion-flex-justify-content-flex-start fusion-content-layout-column\"><div class=\"fusion-title title fusion-title-1 fusion-title-text fusion-title-size-two\"><div class=\"title-sep-container title-sep-container-left fusion-no-large-visibility fusion-no-medium-visibility fusion-no-small-visibility\"><div class=\"title-sep sep- sep-solid\" style=\"border-color:var(--awb-color3);\"><\/div><\/div><span class=\"awb-title-spacer fusion-no-large-visibility fusion-no-medium-visibility fusion-no-small-visibility\"><\/span><h2 class=\"fusion-title-heading title-heading-left fusion-responsive-typography-calculated\" style=\"margin:0;--fontSize:62;line-height:var(--awb-typography1-line-height);\">J\u00f6v\u0151 \u00c9p\u00edt\u0151k TDM K\u00f6zhaszn\u00fa Egyes\u00fclet<\/h2><span class=\"awb-title-spacer\"><\/span><div class=\"title-sep-container title-sep-container-right\"><div class=\"title-sep sep- sep-solid\" style=\"border-color:var(--awb-color3);\"><\/div><\/div><\/div><\/div><\/div><div class=\"fusion-layout-column fusion_builder_column fusion-builder-column-2 fusion_builder_column_1_4 1_4 fusion-flex-column fusion-no-small-visibility fusion-no-medium-visibility\" style=\"--awb-bg-size:cover;--awb-width-large:25%;--awb-margin-top-large:20px;--awb-spacing-right-large:7.68%;--awb-margin-bottom-large:20px;--awb-spacing-left-large:7.68%;--awb-width-medium:100%;--awb-order-medium:0;--awb-spacing-right-medium:1.92%;--awb-spacing-left-medium:1.92%;--awb-width-small:100%;--awb-order-small:0;--awb-spacing-right-small:1.92%;--awb-spacing-left-small:1.92%;\"><div class=\"fusion-column-wrapper fusion-column-has-shadow fusion-flex-justify-content-flex-start fusion-content-layout-column\"><\/div><\/div><div class=\"fusion-layout-column fusion_builder_column fusion-builder-column-3 fusion_builder_column_1_4 1_4 fusion-flex-column fusion-no-small-visibility fusion-no-medium-visibility\" style=\"--awb-bg-size:cover;--awb-width-large:25%;--awb-margin-top-large:20px;--awb-spacing-right-large:7.68%;--awb-margin-bottom-large:20px;--awb-spacing-left-large:7.68%;--awb-width-medium:100%;--awb-order-medium:0;--awb-spacing-right-medium:1.92%;--awb-spacing-left-medium:1.92%;--awb-width-small:100%;--awb-order-small:0;--awb-spacing-right-small:1.92%;--awb-spacing-left-small:1.92%;\"><div class=\"fusion-column-wrapper fusion-column-has-shadow fusion-flex-justify-content-flex-start fusion-content-layout-column\"><\/div><\/div><div class=\"fusion-layout-column fusion_builder_column fusion-builder-column-4 fusion_builder_column_1_2 1_2 fusion-flex-column\" style=\"--awb-bg-blend:overlay;--awb-bg-size:cover;--awb-width-large:50%;--awb-margin-top-large:0px;--awb-spacing-right-large:3.84%;--awb-margin-bottom-large:0px;--awb-spacing-left-large:3.84%;--awb-width-medium:66.666666666667%;--awb-order-medium:3;--awb-spacing-right-medium:2.88%;--awb-spacing-left-medium:2.88%;--awb-width-small:100%;--awb-spacing-right-small:1.92%;--awb-spacing-left-small:1.92%;\"><div class=\"fusion-column-wrapper fusion-flex-justify-content-flex-start fusion-content-layout-column\"><div class=\"fusion-text fusion-text-1\" style=\"--awb-text-transform:none;\"><p style=\"text-align: justify;\">Az orosh\u00e1zi sz\u00e9khely\u0171 civil szervezet f\u0151 feladata a v\u00e1rosmarketing, turisztikai marketing mellett a helyiek ig\u00e9nyeire alapul\u00f3 rendezv\u00e9nyszervez\u00e9s, valamint az e ter\u00fcleten tev\u00e9kenyked\u0151 partnerek \u00e9s civil szervezetek \u00f6sszefog\u00e1sa, seg\u00edt\u00e9se. \u00c9vek \u00f3ta kitart\u00f3, k\u00f6z\u00f6ss\u00e9gszervez\u00e9st is c\u00e9lul t\u0171z\u0151 munk\u00e1ja \u00e1ltal olyan n\u00e9pszer\u0171 rendezv\u00e9nyeket val\u00f3s\u00edtott meg Orosh\u00e1z\u00e1n, mint p\u00e9ld\u00e1ul az \u00e9vr\u0151l \u00e9vre t\u00f6bb ezer l\u00e1togat\u00f3t vonz\u00f3 S\u00f6r-Virsli Fesztiv\u00e1l, kor\u00e1bban a Libam\u00e1jfesztiv\u00e1l, vagy a gyop\u00e1rosf\u00fcrd\u0151i sz\u00fclet\u00e9snapi programok. T\u00e1rsszervez\u0151je volt a szervezet az augusztus 20-i keny\u00e9r\u00fcnnepeknek, vagy \u00e9ppen a kar\u00e1csonyi falut, helyi fell\u00e9p\u0151ket, szt\u00e1rvend\u00e9geket, gyerekprogramokat \u00e9s adom\u00e1nygy\u0171jt\u00e9st is ny\u00fajt\u00f3 Orosh\u00e1zi Advent programsorozatnak.<\/p>\n<p style=\"text-align: justify;\">A TDM \u00e1ltal \u00e9letre h\u00edvott Oros-Kos\u00e1r rendezv\u00e9nysorozat a helyi termel\u0151k k\u00f6z\u00f6ss\u00e9g\u00e9t kov\u00e1csolta \u00f6ssze, bemutatkoz\u00e1si lehet\u0151s\u00e9get adva az \u00e9rt\u00e9kteremt\u0151 orosh\u00e1zi \u00e9s k\u00f6rny\u00e9kbeli termel\u0151knek, k\u00e9zm\u0171veseknek. A helyi egyes\u00fcletek k\u00f6zrem\u0171k\u00f6d\u00e9se \u2013 \u00f6tleteik \u00e9s szakmai szeml\u00e9let\u00fck seg\u00edts\u00e9g\u00e9vel \u2013 m\u00e9g sz\u00ednvonalasabb\u00e1 tette a k\u00f6zkedvelt lehet\u0151s\u00e9get, ami igen nagy \u00e9rdekl\u0151d\u00e9sre tartott sz\u00e1mot a pand\u00e9mia el\u0151tt. A TDM \u00e9veken \u00e1t egy k\u00e9zben fogta \u00f6ssze az orosh\u00e1zi v\u00e1rosi programokat, koordin\u00e1lta a rendezv\u00e9nyeket, egys\u00e9ges \u00e9s \u00f6sszehangolt k\u00edn\u00e1latot mutatva a helyi lakoss\u00e1gnak \u00e9s a l\u00e1togat\u00f3knak egyar\u00e1nt. Szak\u00e9rt\u0151 munk\u00e1j\u00e1val komoly min\u0151s\u00e9gi v\u00e1ltoz\u00e1s ment v\u00e9gbe Orosh\u00e1za-Gyop\u00e1rosf\u00fcrd\u0151 rendezv\u00e9ny- \u00e9s k\u00f6z\u00f6ss\u00e9gszervez\u00e9se kapcs\u00e1n, marketingj\u00e9ben.<\/p>\n<p style=\"text-align: justify;\">A konzorciumi partnerk\u00e9nt egy\u00fcttm\u0171k\u00f6d\u0151 TDM t\u00f6bb telep\u00fcl\u00e9sre kiterjed\u0151 szakmai tapasztalatokkal rendelkezik. Az idegenforgalmi k\u00edn\u00e1latot er\u0151s\u00edt\u0151 k\u00f6z\u00f6ss\u00e9gi rendezv\u00e9nyek szervez\u00e9se mellett a d\u00e9l-b\u00e9k\u00e9si t\u00e9rs\u00e9g felz\u00e1rk\u00f3ztat\u00e1s\u00e1t seg\u00edt\u0151 projekteket val\u00f3s\u00edtott meg az elm\u00falt t\u00edz \u00e9vben. Rendszeres p\u00e1ly\u00e1z\u00f3 2012 \u00f3ta. Els\u0151 projektje a DAOP-2.1.3-12 Helyi \u00e9s t\u00e9rs\u00e9gi turisztikai desztin\u00e1ci\u00f3 menedzsment szervezetek \u00e9s turisztikai klaszterek l\u00e9trehoz\u00e1sa \u00e9s fejleszt\u00e9se c\u00edmmel val\u00f3sult meg 2013 \u00e1prilisa \u00e9s 2015 m\u00e1rciusa k\u00f6z\u00f6tt. Lebonyol\u00edt\u00f3ja volt h\u00e1tr\u00e1nyos helyzet\u0171 c\u00e9lcsoportok foglalkoztat\u00e1s\u00e1t t\u00e1mogat\u00f3 projektnek, majd 2016-ban a VP-19.1.1-15-LEADER Helyi fejleszt\u00e9si strat\u00e9gi\u00e1k elk\u00e9sz\u00edt\u00e9s\u00e9nek t\u00e1mogat\u00e1sa c\u00edmmel val\u00f3s\u00edtotta meg fejleszt\u0151 programj\u00e1t. Partnerk\u00e9nt m\u0171k\u00f6d\u00f6tt egy\u00fctt tov\u00e1bb\u00e1 az orosh\u00e1zi \u00f6nkorm\u00e1nyzattal a Helyi foglalkoztat\u00e1si partners\u00e9g kialak\u00edt\u00e1sa az Orosh\u00e1zi j\u00e1r\u00e1sban c\u00edm\u0171 projekt megval\u00f3s\u00edt\u00e1s\u00e1ban. T\u00f3tkoml\u00f3si szervezetek felk\u00e9r\u00e9s\u00e9re v\u00e1llalta az egy\u00fcttm\u0171k\u00f6d\u00e9st egy N\u0151k a csal\u00e1dban \u00e9s a munkahelyen c\u00edm\u0171 projekt megval\u00f3s\u00edt\u00e1s\u00e1ban.<\/p>\n<p style=\"text-align: justify;\">A szervezet jelent\u0151s szakmai tapasztalattal rendelkezik kultur\u00e1lis, k\u00f6z\u00f6ss\u00e9gfejleszt\u00e9s \u00e9s vid\u00e9kfejleszt\u00e9s ter\u00fcleten.<\/p>\n<\/div><\/div><\/div><div class=\"fusion-layout-column fusion_builder_column fusion-builder-column-5 fusion_builder_column_1_4 1_4 fusion-flex-column fusion-no-small-visibility fusion-no-medium-visibility\" style=\"--awb-bg-size:cover;--awb-width-large:25%;--awb-margin-top-large:20px;--awb-spacing-right-large:7.68%;--awb-margin-bottom-large:20px;--awb-spacing-left-large:7.68%;--awb-width-medium:100%;--awb-order-medium:0;--awb-spacing-right-medium:1.92%;--awb-spacing-left-medium:1.92%;--awb-width-small:100%;--awb-order-small:0;--awb-spacing-right-small:1.92%;--awb-spacing-left-small:1.92%;\"><div class=\"fusion-column-wrapper fusion-column-has-shadow fusion-flex-justify-content-flex-start fusion-content-layout-column\"><\/div><\/div><div class=\"fusion-layout-column fusion_builder_column fusion-builder-column-6 fusion_builder_column_1_6 1_6 fusion-flex-column fusion-no-small-visibility fusion-no-large-visibility\" style=\"--awb-bg-size:cover;--awb-width-large:16.666666666667%;--awb-margin-top-large:20px;--awb-spacing-right-large:11.52%;--awb-margin-bottom-large:20px;--awb-spacing-left-large:11.52%;--awb-width-medium:16.666666666667%;--awb-order-medium:4;--awb-spacing-right-medium:11.52%;--awb-spacing-left-medium:11.52%;--awb-width-small:100%;--awb-order-small:0;--awb-spacing-right-small:1.92%;--awb-spacing-left-small:1.92%;\"><div class=\"fusion-column-wrapper fusion-column-has-shadow fusion-flex-justify-content-flex-start fusion-content-layout-column\"><\/div><\/div><div class=\"fusion-layout-column fusion_builder_column fusion-builder-column-7 fusion_builder_column_1_6 1_6 fusion-flex-column fusion-no-small-visibility fusion-no-large-visibility\" style=\"--awb-bg-size:cover;--awb-width-large:16.666666666667%;--awb-margin-top-large:20px;--awb-spacing-right-large:11.52%;--awb-margin-bottom-large:20px;--awb-spacing-left-large:11.52%;--awb-width-medium:16.666666666667%;--awb-order-medium:2;--awb-spacing-right-medium:11.52%;--awb-spacing-left-medium:11.52%;--awb-width-small:100%;--awb-order-small:0;--awb-spacing-right-small:1.92%;--awb-spacing-left-small:1.92%;\"><div class=\"fusion-column-wrapper fusion-column-has-shadow fusion-flex-justify-content-flex-start fusion-content-layout-column\"><\/div><\/div><\/div><\/div>\n","protected":false},"excerpt":{"rendered":"","protected":false},"author":4,"featured_media":0,"parent":0,"menu_order":0,"comment_status":"closed","ping_status":"closed","template":"","meta":{"content-type":"","footnotes":""},"class_list":["post-13565","page","type-page","status-publish","hentry"],"yoast_head":"<!-- This site is optimized with the Yoast SEO plugin v26.2 - https:\/\/yoast.com\/wordpress\/plugins\/seo\/ -->\n<title>TDM - K\u00d6Z\u00d6SENJOBB<\/title>\n<meta name=\"robots\" content=\"index, follow, max-snippet:-1, max-image-preview:large, max-video-preview:-1\" \/>\n<link rel=\"canonical\" href=\"https:\/\/kozosenjobb.hu\/?page_id=13565\" \/>\n<meta property=\"og:locale\" content=\"hu_HU\" \/>\n<meta property=\"og:type\" content=\"article\" \/>\n<meta property=\"og:title\" content=\"TDM - K\u00d6Z\u00d6SENJOBB\" \/>\n<meta property=\"og:url\" content=\"https:\/\/kozosenjobb.hu\/?page_id=13565\" \/>\n<meta property=\"og:site_name\" content=\"K\u00d6Z\u00d6SENJOBB\" \/>\n<meta name=\"twitter:card\" content=\"summary_large_image\" \/>\n<meta name=\"twitter:label1\" content=\"Becs\u00fclt olvas\u00e1si id\u0151\" \/>\n\t<meta name=\"twitter:data1\" content=\"12 perc\" \/>\n<script type=\"application\/ld+json\" class=\"yoast-schema-graph\">{\"@context\":\"https:\/\/schema.org\",\"@graph\":[{\"@type\":\"WebPage\",\"@id\":\"https:\/\/kozosenjobb.hu\/?page_id=13565\",\"url\":\"https:\/\/kozosenjobb.hu\/?page_id=13565\",\"name\":\"TDM - K\u00d6Z\u00d6SENJOBB\",\"isPartOf\":{\"@id\":\"https:\/\/kozosenjobb.hu\/#website\"},\"datePublished\":\"2022-03-18T14:58:24+00:00\",\"breadcrumb\":{\"@id\":\"https:\/\/kozosenjobb.hu\/?page_id=13565#breadcrumb\"},\"inLanguage\":\"hu\",\"potentialAction\":[{\"@type\":\"ReadAction\",\"target\":[\"https:\/\/kozosenjobb.hu\/?page_id=13565\"]}]},{\"@type\":\"BreadcrumbList\",\"@id\":\"https:\/\/kozosenjobb.hu\/?page_id=13565#breadcrumb\",\"itemListElement\":[{\"@type\":\"ListItem\",\"position\":1,\"name\":\"Kezd\u0151lap\",\"item\":\"https:\/\/kozosenjobb.hu\/\"},{\"@type\":\"ListItem\",\"position\":2,\"name\":\"TDM\"}]},{\"@type\":\"WebSite\",\"@id\":\"https:\/\/kozosenjobb.hu\/#website\",\"url\":\"https:\/\/kozosenjobb.hu\/\",\"name\":\"K\u00d6Z\u00d6SENJOBB\",\"description\":\"A j\u00f6v\u0151 k\u00f6z\u00f6ss\u00e9g\u00e9t \u00e9p\u00edtj\u00fck!\",\"potentialAction\":[{\"@type\":\"SearchAction\",\"target\":{\"@type\":\"EntryPoint\",\"urlTemplate\":\"https:\/\/kozosenjobb.hu\/?s={search_term_string}\"},\"query-input\":{\"@type\":\"PropertyValueSpecification\",\"valueRequired\":true,\"valueName\":\"search_term_string\"}}],\"inLanguage\":\"hu\"}]}<\/script>\n<!-- \/ Yoast SEO plugin. -->","yoast_head_json":{"title":"TDM - K\u00d6Z\u00d6SENJOBB","robots":{"index":"index","follow":"follow","max-snippet":"max-snippet:-1","max-image-preview":"max-image-preview:large","max-video-preview":"max-video-preview:-1"},"canonical":"https:\/\/kozosenjobb.hu\/?page_id=13565","og_locale":"hu_HU","og_type":"article","og_title":"TDM - K\u00d6Z\u00d6SENJOBB","og_url":"https:\/\/kozosenjobb.hu\/?page_id=13565","og_site_name":"K\u00d6Z\u00d6SENJOBB","twitter_card":"summary_large_image","twitter_misc":{"Becs\u00fclt olvas\u00e1si id\u0151":"12 perc"},"schema":{"@context":"https:\/\/schema.org","@graph":[{"@type":"WebPage","@id":"https:\/\/kozosenjobb.hu\/?page_id=13565","url":"https:\/\/kozosenjobb.hu\/?page_id=13565","name":"TDM - K\u00d6Z\u00d6SENJOBB","isPartOf":{"@id":"https:\/\/kozosenjobb.hu\/#website"},"datePublished":"2022-03-18T14:58:24+00:00","breadcrumb":{"@id":"https:\/\/kozosenjobb.hu\/?page_id=13565#breadcrumb"},"inLanguage":"hu","potentialAction":[{"@type":"ReadAction","target":["https:\/\/kozosenjobb.hu\/?page_id=13565"]}]},{"@type":"BreadcrumbList","@id":"https:\/\/kozosenjobb.hu\/?page_id=13565#breadcrumb","itemListElement":[{"@type":"ListItem","position":1,"name":"Kezd\u0151lap","item":"https:\/\/kozosenjobb.hu\/"},{"@type":"ListItem","position":2,"name":"TDM"}]},{"@type":"WebSite","@id":"https:\/\/kozosenjobb.hu\/#website","url":"https:\/\/kozosenjobb.hu\/","name":"K\u00d6Z\u00d6SENJOBB","description":"A j\u00f6v\u0151 k\u00f6z\u00f6ss\u00e9g\u00e9t \u00e9p\u00edtj\u00fck!","potentialAction":[{"@type":"SearchAction","target":{"@type":"EntryPoint","urlTemplate":"https:\/\/kozosenjobb.hu\/?s={search_term_string}"},"query-input":{"@type":"PropertyValueSpecification","valueRequired":true,"valueName":"search_term_string"}}],"inLanguage":"hu"}]}},"_links":{"self":[{"href":"https:\/\/kozosenjobb.hu\/index.php?rest_route=\/wp\/v2\/pages\/13565","targetHints":{"allow":["GET"]}}],"collection":[{"href":"https:\/\/kozosenjobb.hu\/index.php?rest_route=\/wp\/v2\/pages"}],"about":[{"href":"https:\/\/kozosenjobb.hu\/index.php?rest_route=\/wp\/v2\/types\/page"}],"author":[{"embeddable":true,"href":"https:\/\/kozosenjobb.hu\/index.php?rest_route=\/wp\/v2\/users\/4"}],"replies":[{"embeddable":true,"href":"https:\/\/kozosenjobb.hu\/index.php?rest_route=%2Fwp%2Fv2%2Fcomments&post=13565"}],"version-history":[{"count":1,"href":"https:\/\/kozosenjobb.hu\/index.php?rest_route=\/wp\/v2\/pages\/13565\/revisions"}],"predecessor-version":[{"id":13566,"href":"https:\/\/kozosenjobb.hu\/index.php?rest_route=\/wp\/v2\/pages\/13565\/revisions\/13566"}],"wp:attachment":[{"href":"https:\/\/kozosenjobb.hu\/index.php?rest_route=%2Fwp%2Fv2%2Fmedia&parent=13565"}],"curies":[{"name":"wp","href":"https:\/\/api.w.org\/{rel}","templated":true}]}}