{"id":7,"date":"2016-08-02T11:03:38","date_gmt":"2016-08-02T11:03:38","guid":{"rendered":"https:\/\/kozosenjobb.hu\/?page_id=7"},"modified":"2022-02-25T12:47:32","modified_gmt":"2022-02-25T12:47:32","slug":"home","status":"publish","type":"page","link":"https:\/\/kozosenjobb.hu\/","title":{"rendered":"K\u00f6z\u00f6senjobb"},"content":{"rendered":"<div class=\"fusion-fullwidth fullwidth-box fusion-builder-row-1 fusion-flex-container faded-background fusion-parallax-none nonhundred-percent-fullwidth non-hundred-percent-height-scrolling\" style=\"--awb-border-radius-top-left:0px;--awb-border-radius-top-right:0px;--awb-border-radius-bottom-right:0px;--awb-border-radius-bottom-left:0px;--awb-padding-top:350px;--awb-padding-bottom:94px;--awb-margin-top:0px;--awb-margin-bottom:0px;--awb-background-size:cover;--awb-flex-wrap:wrap;\" ><div class=\"fullwidth-faded\" style=\"--awb-background-image:url(http:\/\/kozosenjobb.hu\/wp-content\/uploads\/2022\/02\/20211110_134928_-totkomlos-top.jpg);--awb-background-size:cover;\" data-preload-img=\"http:\/\/kozosenjobb.hu\/wp-content\/uploads\/2022\/02\/20211110_134928_-totkomlos-top.jpg\" ><\/div><div class=\"fusion-builder-row fusion-row fusion-flex-align-items-flex-start fusion-flex-content-wrap\" style=\"max-width:1216.8px;margin-left: calc(-4% \/ 2 );margin-right: calc(-4% \/ 2 );\"><div class=\"fusion-layout-column fusion_builder_column fusion-builder-column-0 fusion_builder_column_1_1 1_1 fusion-flex-column\" style=\"--awb-bg-size:cover;--awb-width-large:100%;--awb-margin-top-large:20px;--awb-spacing-right-large:1.92%;--awb-margin-bottom-large:20px;--awb-spacing-left-large:1.92%;--awb-width-medium:100%;--awb-order-medium:0;--awb-spacing-right-medium:1.92%;--awb-spacing-left-medium:1.92%;--awb-width-small:100%;--awb-order-small:0;--awb-spacing-right-small:1.92%;--awb-spacing-left-small:1.92%;\"><div class=\"fusion-column-wrapper fusion-column-has-shadow fusion-flex-justify-content-flex-start fusion-content-layout-column\"><\/div><\/div><\/div><\/div>\n","protected":false},"excerpt":{"rendered":"","protected":false},"author":1,"featured_media":0,"parent":0,"menu_order":0,"comment_status":"closed","ping_status":"closed","template":"100-width.php","meta":{"content-type":"","footnotes":""},"class_list":["post-7","page","type-page","status-publish","hentry"],"yoast_head":"<!-- This site is optimized with the Yoast SEO plugin v26.2 - https:\/\/yoast.com\/wordpress\/plugins\/seo\/ -->\n<title>K\u00f6z\u00f6senjobb - K\u00d6Z\u00d6SENJOBB<\/title>\n<meta name=\"robots\" content=\"index, follow, max-snippet:-1, max-image-preview:large, max-video-preview:-1\" \/>\n<link rel=\"canonical\" href=\"https:\/\/kozosenjobb.hu\/\" \/>\n<meta property=\"og:locale\" content=\"hu_HU\" \/>\n<meta property=\"og:type\" content=\"article\" \/>\n<meta property=\"og:title\" content=\"K\u00f6z\u00f6senjobb - K\u00d6Z\u00d6SENJOBB\" \/>\n<meta property=\"og:url\" content=\"https:\/\/kozosenjobb.hu\/\" \/>\n<meta property=\"og:site_name\" content=\"K\u00d6Z\u00d6SENJOBB\" \/>\n<meta property=\"article:modified_time\" content=\"2022-02-25T12:47:32+00:00\" \/>\n<meta name=\"twitter:card\" content=\"summary_large_image\" \/>\n<script type=\"application\/ld+json\" class=\"yoast-schema-graph\">{\"@context\":\"https:\/\/schema.org\",\"@graph\":[{\"@type\":\"WebPage\",\"@id\":\"https:\/\/kozosenjobb.hu\/\",\"url\":\"https:\/\/kozosenjobb.hu\/\",\"name\":\"K\u00f6z\u00f6senjobb - K\u00d6Z\u00d6SENJOBB\",\"isPartOf\":{\"@id\":\"https:\/\/kozosenjobb.hu\/#website\"},\"datePublished\":\"2016-08-02T11:03:38+00:00\",\"dateModified\":\"2022-02-25T12:47:32+00:00\",\"breadcrumb\":{\"@id\":\"https:\/\/kozosenjobb.hu\/#breadcrumb\"},\"inLanguage\":\"hu\",\"potentialAction\":[{\"@type\":\"ReadAction\",\"target\":[\"https:\/\/kozosenjobb.hu\/\"]}]},{\"@type\":\"BreadcrumbList\",\"@id\":\"https:\/\/kozosenjobb.hu\/#breadcrumb\",\"itemListElement\":[{\"@type\":\"ListItem\",\"position\":1,\"name\":\"Kezd\u0151lap\",\"item\":\"https:\/\/kozosenjobb.hu\/\"},{\"@type\":\"ListItem\",\"position\":2,\"name\":\"K\u00f6z\u00f6senjobb\"}]},{\"@type\":\"WebSite\",\"@id\":\"https:\/\/kozosenjobb.hu\/#website\",\"url\":\"https:\/\/kozosenjobb.hu\/\",\"name\":\"K\u00d6Z\u00d6SENJOBB\",\"description\":\"A j\u00f6v\u0151 k\u00f6z\u00f6ss\u00e9g\u00e9t \u00e9p\u00edtj\u00fck!\",\"potentialAction\":[{\"@type\":\"SearchAction\",\"target\":{\"@type\":\"EntryPoint\",\"urlTemplate\":\"https:\/\/kozosenjobb.hu\/?s={search_term_string}\"},\"query-input\":{\"@type\":\"PropertyValueSpecification\",\"valueRequired\":true,\"valueName\":\"search_term_string\"}}],\"inLanguage\":\"hu\"}]}<\/script>\n<!-- \/ Yoast SEO plugin. -->","yoast_head_json":{"title":"K\u00f6z\u00f6senjobb - K\u00d6Z\u00d6SENJOBB","robots":{"index":"index","follow":"follow","max-snippet":"max-snippet:-1","max-image-preview":"max-image-preview:large","max-video-preview":"max-video-preview:-1"},"canonical":"https:\/\/kozosenjobb.hu\/","og_locale":"hu_HU","og_type":"article","og_title":"K\u00f6z\u00f6senjobb - K\u00d6Z\u00d6SENJOBB","og_url":"https:\/\/kozosenjobb.hu\/","og_site_name":"K\u00d6Z\u00d6SENJOBB","article_modified_time":"2022-02-25T12:47:32+00:00","twitter_card":"summary_large_image","schema":{"@context":"https:\/\/schema.org","@graph":[{"@type":"WebPage","@id":"https:\/\/kozosenjobb.hu\/","url":"https:\/\/kozosenjobb.hu\/","name":"K\u00f6z\u00f6senjobb - K\u00d6Z\u00d6SENJOBB","isPartOf":{"@id":"https:\/\/kozosenjobb.hu\/#website"},"datePublished":"2016-08-02T11:03:38+00:00","dateModified":"2022-02-25T12:47:32+00:00","breadcrumb":{"@id":"https:\/\/kozosenjobb.hu\/#breadcrumb"},"inLanguage":"hu","potentialAction":[{"@type":"ReadAction","target":["https:\/\/kozosenjobb.hu\/"]}]},{"@type":"BreadcrumbList","@id":"https:\/\/kozosenjobb.hu\/#breadcrumb","itemListElement":[{"@type":"ListItem","position":1,"name":"Kezd\u0151lap","item":"https:\/\/kozosenjobb.hu\/"},{"@type":"ListItem","position":2,"name":"K\u00f6z\u00f6senjobb"}]},{"@type":"WebSite","@id":"https:\/\/kozosenjobb.hu\/#website","url":"https:\/\/kozosenjobb.hu\/","name":"K\u00d6Z\u00d6SENJOBB","description":"A j\u00f6v\u0151 k\u00f6z\u00f6ss\u00e9g\u00e9t \u00e9p\u00edtj\u00fck!","potentialAction":[{"@type":"SearchAction","target":{"@type":"EntryPoint","urlTemplate":"https:\/\/kozosenjobb.hu\/?s={search_term_string}"},"query-input":{"@type":"PropertyValueSpecification","valueRequired":true,"valueName":"search_term_string"}}],"inLanguage":"hu"}]}},"_links":{"self":[{"href":"https:\/\/kozosenjobb.hu\/index.php?rest_route=\/wp\/v2\/pages\/7","targetHints":{"allow":["GET"]}}],"collection":[{"href":"https:\/\/kozosenjobb.hu\/index.php?rest_route=\/wp\/v2\/pages"}],"about":[{"href":"https:\/\/kozosenjobb.hu\/index.php?rest_route=\/wp\/v2\/types\/page"}],"author":[{"embeddable":true,"href":"https:\/\/kozosenjobb.hu\/index.php?rest_route=\/wp\/v2\/users\/1"}],"replies":[{"embeddable":true,"href":"https:\/\/kozosenjobb.hu\/index.php?rest_route=%2Fwp%2Fv2%2Fcomments&post=7"}],"version-history":[{"count":5,"href":"https:\/\/kozosenjobb.hu\/index.php?rest_route=\/wp\/v2\/pages\/7\/revisions"}],"predecessor-version":[{"id":13351,"href":"https:\/\/kozosenjobb.hu\/index.php?rest_route=\/wp\/v2\/pages\/7\/revisions\/13351"}],"wp:attachment":[{"href":"https:\/\/kozosenjobb.hu\/index.php?rest_route=%2Fwp%2Fv2%2Fmedia&parent=7"}],"curies":[{"name":"wp","href":"https:\/\/api.w.org\/{rel}","templated":true}]}}